{"id":129,"date":"2023-05-15T13:27:50","date_gmt":"2023-05-15T13:27:50","guid":{"rendered":"https:\/\/reiderstadinvest.com\/area\/?page_id=18"},"modified":"2025-05-07T15:30:45","modified_gmt":"2025-05-07T15:30:45","slug":"home","status":"publish","type":"page","link":"https:\/\/reiderstadinvest.com\/area\/es\/","title":{"rendered":"Invierte con confianza en Mallorca"},"content":{"rendered":"","protected":false},"excerpt":{"rendered":"<p>Bienvenido al blog exclusivo de Reiderstad Invest Mallorca, tu gu\u00eda definitiva sobre el mercado inmobiliario de Mallorca y mucho m\u00e1s. Nuestro blog cubre todo lo que necesitas saber sobre la isla, el proceso de compra y venta en Mallorca y c\u00f3mo navegar por el din\u00e1mico mercado inmobiliario. Mantente al d\u00eda y toma decisiones inteligentes con nuestros conocimientos y experiencia.<\/p>\n","protected":false},"author":1,"featured_media":1439,"parent":0,"menu_order":0,"comment_status":"closed","ping_status":"closed","template":"templates\/template-home.php","meta":{"_acf_changed":false,"iawp_total_views":238,"footnotes":""},"class_list":["post-129","page","type-page","status-publish","has-post-thumbnail","hentry"],"acf":[],"lang":"es","translations":{"es":129,"en":18,"se":125,"de":128},"pll_sync_post":[],"_links":{"self":[{"href":"https:\/\/reiderstadinvest.com\/area\/wp-json\/wp\/v2\/pages\/129","targetHints":{"allow":["GET"]}}],"collection":[{"href":"https:\/\/reiderstadinvest.com\/area\/wp-json\/wp\/v2\/pages"}],"about":[{"href":"https:\/\/reiderstadinvest.com\/area\/wp-json\/wp\/v2\/types\/page"}],"author":[{"embeddable":true,"href":"https:\/\/reiderstadinvest.com\/area\/wp-json\/wp\/v2\/users\/1"}],"replies":[{"embeddable":true,"href":"https:\/\/reiderstadinvest.com\/area\/wp-json\/wp\/v2\/comments?post=129"}],"version-history":[{"count":2,"href":"https:\/\/reiderstadinvest.com\/area\/wp-json\/wp\/v2\/pages\/129\/revisions"}],"predecessor-version":[{"id":1357,"href":"https:\/\/reiderstadinvest.com\/area\/wp-json\/wp\/v2\/pages\/129\/revisions\/1357"}],"wp:featuredmedia":[{"embeddable":true,"href":"https:\/\/reiderstadinvest.com\/area\/wp-json\/wp\/v2\/media\/1439"}],"wp:attachment":[{"href":"https:\/\/reiderstadinvest.com\/area\/wp-json\/wp\/v2\/media?parent=129"}],"curies":[{"name":"wp","href":"https:\/\/api.w.org\/{rel}","templated":true}]}}