{"id":125,"date":"2023-05-15T13:27:50","date_gmt":"2023-05-15T13:27:50","guid":{"rendered":"https:\/\/reiderstadinvest.com\/area\/?page_id=125"},"modified":"2025-05-07T15:27:45","modified_gmt":"2025-05-07T15:27:45","slug":"home","status":"publish","type":"page","link":"https:\/\/reiderstadinvest.com\/area\/se\/","title":{"rendered":"Investera med f\u00f6rtroende p\u00e5 Mallorca, Spanien"},"content":{"rendered":"","protected":false},"excerpt":{"rendered":"<p>V\u00e4lkommen till Reiderstad Invest Mallorcas exklusiva blogg, din ultimata guide till Mallorcas fastighetsmarknad och mycket mer. V\u00e5r blogg t\u00e4cker allt du beh\u00f6ver veta om \u00f6n, k\u00f6p- och s\u00e4ljprocessen p\u00e5 Mallorca och hur du navigerar p\u00e5 den dynamiska fastighetsmarknaden. H\u00e5ll dig uppdaterad och fatta smarta beslut med v\u00e5r expertkunskap och insikt.<\/p>\n","protected":false},"author":1,"featured_media":1439,"parent":0,"menu_order":0,"comment_status":"closed","ping_status":"closed","template":"templates\/template-home.php","meta":{"_acf_changed":false,"iawp_total_views":231,"footnotes":""},"class_list":["post-125","page","type-page","status-publish","has-post-thumbnail","hentry"],"acf":[],"lang":"se","translations":{"se":125,"en":18,"de":128,"es":129},"pll_sync_post":[],"_links":{"self":[{"href":"https:\/\/reiderstadinvest.com\/area\/wp-json\/wp\/v2\/pages\/125","targetHints":{"allow":["GET"]}}],"collection":[{"href":"https:\/\/reiderstadinvest.com\/area\/wp-json\/wp\/v2\/pages"}],"about":[{"href":"https:\/\/reiderstadinvest.com\/area\/wp-json\/wp\/v2\/types\/page"}],"author":[{"embeddable":true,"href":"https:\/\/reiderstadinvest.com\/area\/wp-json\/wp\/v2\/users\/1"}],"replies":[{"embeddable":true,"href":"https:\/\/reiderstadinvest.com\/area\/wp-json\/wp\/v2\/comments?post=125"}],"version-history":[{"count":7,"href":"https:\/\/reiderstadinvest.com\/area\/wp-json\/wp\/v2\/pages\/125\/revisions"}],"predecessor-version":[{"id":1985,"href":"https:\/\/reiderstadinvest.com\/area\/wp-json\/wp\/v2\/pages\/125\/revisions\/1985"}],"wp:featuredmedia":[{"embeddable":true,"href":"https:\/\/reiderstadinvest.com\/area\/wp-json\/wp\/v2\/media\/1439"}],"wp:attachment":[{"href":"https:\/\/reiderstadinvest.com\/area\/wp-json\/wp\/v2\/media?parent=125"}],"curies":[{"name":"wp","href":"https:\/\/api.w.org\/{rel}","templated":true}]}}